{"id":29,"date":"2019-09-02T10:20:36","date_gmt":"2019-09-02T10:20:36","guid":{"rendered":"http:\/\/www.przystanekmuzyka.pl\/?page_id=29"},"modified":"2023-03-15T10:34:55","modified_gmt":"2023-03-15T10:34:55","slug":"o-nas-2","status":"publish","type":"page","link":"https:\/\/www.przystanekmuzyka.pl\/?page_id=29","title":{"rendered":"O Nas"},"content":{"rendered":"\n<p class=\"has-text-align-center\"><strong>PRZYSTANEK MUZYKA <\/strong><\/p>\n\n\n\n<figure class=\"wp-block-image is-resized\"><img decoding=\"async\" src=\"http:\/\/www.przystanekmuzyka.pl\/wp-content\/uploads\/2019\/09\/przystanek-muzyka_OK_A-2-900x1024.jpg\" alt=\"\" class=\"wp-image-66\" width=\"64\" height=\"72\" srcset=\"https:\/\/www.przystanekmuzyka.pl\/wp-content\/uploads\/2019\/09\/przystanek-muzyka_OK_A-2-900x1024.jpg 900w, https:\/\/www.przystanekmuzyka.pl\/wp-content\/uploads\/2019\/09\/przystanek-muzyka_OK_A-2-264x300.jpg 264w, https:\/\/www.przystanekmuzyka.pl\/wp-content\/uploads\/2019\/09\/przystanek-muzyka_OK_A-2-768x874.jpg 768w, https:\/\/www.przystanekmuzyka.pl\/wp-content\/uploads\/2019\/09\/przystanek-muzyka_OK_A-2-308x350.jpg 308w\" sizes=\"(max-width: 64px) 100vw, 64px\" \/><\/figure>\n\n\n\n<p>Muzyka ma niesamowit\u0105 moc i potrafi rozwija\u0107 dzieci w bardzo wielu aspektach. <\/p>\n\n\n\n<p><em><strong>Przystanek Muzyka<\/strong><\/em> to miejsce, gdzie muzyka zadzia\u0142a z pe\u0142na moc\u0105 na pa\u0144stwa milusi\u0144skich szerok\u0105 palet\u0105 kolor\u00f3w i barw.                                                                    Naszym marzeniem jest,by dzieci mog\u0142y czerpa\u0107 z muzyki jak najwi\u0119cej ,aby kszta\u0142cenie muzyczne by\u0142o naturaln\u0105 cz\u0119\u015bci\u0105 \u017cycia dziecka.<br><\/p>\n\n\n\n<p>Dlatego te\u017c w naszej ofercie proponujemy <strong><em>zaj\u0119cia gordonowskie <\/em><\/strong>dla rodzin z niemowl\u0119tami i ma\u0142ymi dzie\u0107mi,kt\u00f3re s\u0105 wspania\u0142ym pocz\u0105tkiem szeroko poj\u0119tej kreatywnej edukacji muzycznej.<br><\/p>\n\n\n\n<p>Dajmy dziecku muzyk\u0119 aby jego \u015bwiat by\u0142 jeszcze pi\u0119kniejszy a ono by\u0142o jeszcze szcz\u0119\u015bliwsze\u2026..                                .<br>W nast\u0119pnym etapie proponujemy <strong><em>nauk\u0119 gry na skrzypcach , pianinie<\/em><\/strong> <strong><em>, gitarze i ukulele  <\/em><\/strong>poprzez pedagogik\u0119 zabawy, to najlepszy, najbardziej naturalny dla dzieci spos\u00f3b uczenia si\u0119, kt\u00f3ry pobudza ich wyobra\u017ani\u0119, kreatywno\u015b\u0107 a tak\u017ce pozwala za pomoc\u0105 fantazji i zabawy uzyskan\u0105 wiedz\u0119 wykorzysta\u0107 w praktyce. Warto zatem przyjrze\u0107 si\u0119 w\u0142asnemu dziecku i umo\u017cliwia\u0107 mu kontakty z muzyk\u0105 .<\/p>\n\n\n\n<p>W naszej ofercie proponujemy nie tylko nauk\u0119 gry na wybranym instrumencie ale r\u00f3wnie\u017c lekcje grupowe po\u0142\u0105czone z teori\u0105 &#8222;Music Mind Games&#8221; i wsp\u00f3lnym muzykowaniem  .<\/p>\n","protected":false},"excerpt":{"rendered":"<p>PRZYSTANEK MUZYKA Muzyka ma niesamowit\u0105 moc i potrafi rozwija\u0107 dzieci w bardzo wielu aspektach. Przystanek Muzyka to miejsce, gdzie muzyka zadzia\u0142a z pe\u0142na moc\u0105 na pa\u0144stwa milusi\u0144skich szerok\u0105 palet\u0105 kolor\u00f3w i barw. Naszym marzeniem jest,by dzieci mog\u0142y czerpa\u0107 z muzyki jak najwi\u0119cej ,aby kszta\u0142cenie muzyczne by\u0142o naturaln\u0105 cz\u0119\u015bci\u0105 \u017cycia dziecka. &hellip;<\/p>\n","protected":false},"author":1,"featured_media":0,"parent":0,"menu_order":0,"comment_status":"closed","ping_status":"closed","template":"","meta":{"ngg_post_thumbnail":0,"footnotes":""},"class_list":["post-29","page","type-page","status-publish","hentry"],"_links":{"self":[{"href":"https:\/\/www.przystanekmuzyka.pl\/index.php?rest_route=\/wp\/v2\/pages\/29"}],"collection":[{"href":"https:\/\/www.przystanekmuzyka.pl\/index.php?rest_route=\/wp\/v2\/pages"}],"about":[{"href":"https:\/\/www.przystanekmuzyka.pl\/index.php?rest_route=\/wp\/v2\/types\/page"}],"author":[{"embeddable":true,"href":"https:\/\/www.przystanekmuzyka.pl\/index.php?rest_route=\/wp\/v2\/users\/1"}],"replies":[{"embeddable":true,"href":"https:\/\/www.przystanekmuzyka.pl\/index.php?rest_route=%2Fwp%2Fv2%2Fcomments&post=29"}],"version-history":[{"count":15,"href":"https:\/\/www.przystanekmuzyka.pl\/index.php?rest_route=\/wp\/v2\/pages\/29\/revisions"}],"predecessor-version":[{"id":544,"href":"https:\/\/www.przystanekmuzyka.pl\/index.php?rest_route=\/wp\/v2\/pages\/29\/revisions\/544"}],"wp:attachment":[{"href":"https:\/\/www.przystanekmuzyka.pl\/index.php?rest_route=%2Fwp%2Fv2%2Fmedia&parent=29"}],"curies":[{"name":"wp","href":"https:\/\/api.w.org\/{rel}","templated":true}]}}